{"id":93,"date":"2018-03-30T14:54:03","date_gmt":"2018-03-30T12:54:03","guid":{"rendered":"http:\/\/www.ds-import.de\/?page_id=93"},"modified":"2026-04-23T20:39:07","modified_gmt":"2026-04-23T18:39:07","slug":"kontakt-anbieterkennzeichnung","status":"publish","type":"page","link":"https:\/\/www.ds-import.de\/index.php\/kontakt-anbieterkennzeichnung\/","title":{"rendered":"Kontakt"},"content":{"rendered":"<p class=\"Stil20\">Bitte k\u00fcndigen Sie Ihren Besuch bei mir telefonisch an. Ich kann mir dann f\u00fcr Ihre W\u00fcnsche Zeit nehmen.<\/p>\n<p class=\"justified Stil19\">Dieter Rodermund<br \/>Knem\u00fchlenstra\u00dfe 4<br \/>49525 Lengerich<br \/>Deutschland<\/p>\n<p>Tel.: 05481 \/ 811 38<br \/>Mobil: 0172 \/ 947 34 04<\/p>\n<p class=\"justified Stil19\">E-Mail:\u00a0<a href=\"mailto:rodermund@ds-import.de\">rodermund@ds-import.de<\/a><\/p>\n<p class=\"justified Stil19\">St-Nr. 327-5177-0524<br \/>Ust-ID-Nr. 125-544-543<\/p>\n<p class=\"justified\"><span class=\"Stil17 Stil18\"><a href=\"http:\/\/maps.google.de\/maps?f=q&amp;source=s_q&amp;hl=de&amp;geocode=&amp;q=Knem%C3%BChlenstra%C3%9Fe+4,+Lengerich&amp;sll=52.163518,7.875327&amp;sspn=0.037434,0.096045&amp;g=Knem%C3%BChlenstra%C3%9Fe,+Lengerich&amp;ie=UTF8&amp;hq=&amp;hnear=Knem%C3%BChlenstra%C3%9Fe+4,+Lengerich+49525+Lengerich,+Steinfurt,+Nordrhein-Westfalen&amp;ll=52.172494,7.881221&amp;spn=0.002339,0.006003&amp;t=h&amp;z=18\">Bitte klicken Sie hier f\u00fcr eine detaillierte Wegbeschreibung inkl. Routenbeschreibung<\/a>.<\/span><\/p>\n\n\n<p><\/p>\n","protected":false},"excerpt":{"rendered":"<p>Bitte k\u00fcndigen Sie Ihren Besuch bei mir telefonisch an. Ich kann mir dann f\u00fcr Ihre W\u00fcnsche Zeit nehmen. Dieter RodermundKnem\u00fchlenstra\u00dfe 449525 LengerichDeutschland Tel.: 05481 \/ 811 38Mobil: 0172 \/ 947 34 04 E-Mail:\u00a0rodermund@ds-import.de St-Nr. 327-5177-0524Ust-ID-Nr. 125-544-543 Bitte klicken Sie hier f\u00fcr eine detaillierte Wegbeschreibung inkl. Routenbeschreibung.<\/p>\n","protected":false},"author":3,"featured_media":0,"parent":0,"menu_order":0,"comment_status":"closed","ping_status":"closed","template":"","meta":{"footnotes":""},"class_list":["post-93","page","type-page","status-publish","hentry"],"_links":{"self":[{"href":"https:\/\/www.ds-import.de\/index.php\/wp-json\/wp\/v2\/pages\/93","targetHints":{"allow":["GET"]}}],"collection":[{"href":"https:\/\/www.ds-import.de\/index.php\/wp-json\/wp\/v2\/pages"}],"about":[{"href":"https:\/\/www.ds-import.de\/index.php\/wp-json\/wp\/v2\/types\/page"}],"author":[{"embeddable":true,"href":"https:\/\/www.ds-import.de\/index.php\/wp-json\/wp\/v2\/users\/3"}],"replies":[{"embeddable":true,"href":"https:\/\/www.ds-import.de\/index.php\/wp-json\/wp\/v2\/comments?post=93"}],"version-history":[{"count":6,"href":"https:\/\/www.ds-import.de\/index.php\/wp-json\/wp\/v2\/pages\/93\/revisions"}],"predecessor-version":[{"id":327,"href":"https:\/\/www.ds-import.de\/index.php\/wp-json\/wp\/v2\/pages\/93\/revisions\/327"}],"wp:attachment":[{"href":"https:\/\/www.ds-import.de\/index.php\/wp-json\/wp\/v2\/media?parent=93"}],"curies":[{"name":"wp","href":"https:\/\/api.w.org\/{rel}","templated":true}]}}