{"id":83,"date":"2018-03-30T14:51:08","date_gmt":"2018-03-30T12:51:08","guid":{"rendered":"http:\/\/www.ds-import.de\/?page_id=83"},"modified":"2018-12-25T14:21:05","modified_gmt":"2018-12-25T13:21:05","slug":"seminare","status":"publish","type":"page","link":"https:\/\/www.ds-import.de\/index.php\/seminare\/","title":{"rendered":"Seminare"},"content":{"rendered":"<p>4 bis 5 mal im Jahr biete ich Seminare und Workshops an.<\/p>\n<p class=\"Stil20\">\u00dcbernachtungen in einem kleinen Hotel (5 min. Fu\u00dfweg) k\u00f6nnen reserviert werden.<br \/>\nDie Gruppen sollten 5-10 Teilnehmer haben.<\/p>\n<p class=\"Stil20\">Anmeldungen k\u00f6nnen entweder per\u00a0<a href=\"http:\/\/www.ds-import.de\/Kontakt.html\">E-Mail oder telefonisch<\/a>\u00a0erfolgen.<\/p>\n<p class=\"Stil20\"><strong>Themenvorschl\u00e4ge<\/strong>:<\/p>\n<ul>\n<li class=\"Stil20\">Das zentralhydraulische System<\/li>\n<li class=\"Stil20\">Einbau und Lenkungseinstellung<\/li>\n<\/ul>\n","protected":false},"excerpt":{"rendered":"<p>4 bis 5 mal im Jahr biete ich Seminare und Workshops an. \u00dcbernachtungen in einem kleinen Hotel (5 min. Fu\u00dfweg) k\u00f6nnen reserviert werden. Die Gruppen sollten 5-10 Teilnehmer haben. Anmeldungen k\u00f6nnen entweder per\u00a0E-Mail oder telefonisch\u00a0erfolgen. Themenvorschl\u00e4ge: Das zentralhydraulische System Einbau und Lenkungseinstellung<\/p>\n","protected":false},"author":3,"featured_media":232,"parent":0,"menu_order":0,"comment_status":"closed","ping_status":"closed","template":"","meta":{"footnotes":""},"class_list":["post-83","page","type-page","status-publish","has-post-thumbnail","hentry"],"_links":{"self":[{"href":"https:\/\/www.ds-import.de\/index.php\/wp-json\/wp\/v2\/pages\/83","targetHints":{"allow":["GET"]}}],"collection":[{"href":"https:\/\/www.ds-import.de\/index.php\/wp-json\/wp\/v2\/pages"}],"about":[{"href":"https:\/\/www.ds-import.de\/index.php\/wp-json\/wp\/v2\/types\/page"}],"author":[{"embeddable":true,"href":"https:\/\/www.ds-import.de\/index.php\/wp-json\/wp\/v2\/users\/3"}],"replies":[{"embeddable":true,"href":"https:\/\/www.ds-import.de\/index.php\/wp-json\/wp\/v2\/comments?post=83"}],"version-history":[{"count":2,"href":"https:\/\/www.ds-import.de\/index.php\/wp-json\/wp\/v2\/pages\/83\/revisions"}],"predecessor-version":[{"id":236,"href":"https:\/\/www.ds-import.de\/index.php\/wp-json\/wp\/v2\/pages\/83\/revisions\/236"}],"wp:featuredmedia":[{"embeddable":true,"href":"https:\/\/www.ds-import.de\/index.php\/wp-json\/wp\/v2\/media\/232"}],"wp:attachment":[{"href":"https:\/\/www.ds-import.de\/index.php\/wp-json\/wp\/v2\/media?parent=83"}],"curies":[{"name":"wp","href":"https:\/\/api.w.org\/{rel}","templated":true}]}}