{"id":79,"date":"2018-03-30T14:50:28","date_gmt":"2018-03-30T12:50:28","guid":{"rendered":"http:\/\/www.ds-import.de\/?page_id=79"},"modified":"2018-03-30T14:50:28","modified_gmt":"2018-03-30T12:50:28","slug":"leistungen","status":"publish","type":"page","link":"https:\/\/www.ds-import.de\/index.php\/leistungen\/","title":{"rendered":"Leistungen"},"content":{"rendered":"<p><strong>In unserer Werkstatt auf einem alten Bauernhof im M\u00fcnsterland gibt es ausreichend Platz und Ruhe.<\/strong><\/p>\n<ul class=\"Stil19\">\n<li style=\"list-style-type: none;\">\n<ul class=\"Stil19\">\n<li>Wir bieten vollrestaurierte Autos an dessen Restauration Sie teilhaben k\u00f6nnen. Austattung und Lackierung k\u00f6nnen dann frei gew\u00e4hlt werden.<\/li>\n<li>Unrestaurierte Autos, bei deren Instandsetzung wir gerne helfen.<\/li>\n<li>Gepr\u00fcfte Autos im Kundenauftrag<\/li>\n<li>Instandsetzung oder Restaurierung Ihres D-Modell<\/li>\n<li>Unfallreparaturen und Bergung Ihres Fahrzeuges<\/li>\n<\/ul>\n<\/li>\n<\/ul>\n","protected":false},"excerpt":{"rendered":"<p>In unserer Werkstatt auf einem alten Bauernhof im M\u00fcnsterland gibt es ausreichend Platz und Ruhe. Wir bieten vollrestaurierte Autos an dessen Restauration Sie teilhaben k\u00f6nnen. Austattung und Lackierung k\u00f6nnen dann frei gew\u00e4hlt werden. Unrestaurierte Autos, bei deren Instandsetzung wir gerne helfen. Gepr\u00fcfte Autos im Kundenauftrag Instandsetzung oder Restaurierung Ihres D-Modell Unfallreparaturen und Bergung Ihres Fahrzeuges<\/p>\n","protected":false},"author":3,"featured_media":0,"parent":0,"menu_order":0,"comment_status":"closed","ping_status":"closed","template":"","meta":{"footnotes":""},"class_list":["post-79","page","type-page","status-publish","hentry"],"_links":{"self":[{"href":"https:\/\/www.ds-import.de\/index.php\/wp-json\/wp\/v2\/pages\/79","targetHints":{"allow":["GET"]}}],"collection":[{"href":"https:\/\/www.ds-import.de\/index.php\/wp-json\/wp\/v2\/pages"}],"about":[{"href":"https:\/\/www.ds-import.de\/index.php\/wp-json\/wp\/v2\/types\/page"}],"author":[{"embeddable":true,"href":"https:\/\/www.ds-import.de\/index.php\/wp-json\/wp\/v2\/users\/3"}],"replies":[{"embeddable":true,"href":"https:\/\/www.ds-import.de\/index.php\/wp-json\/wp\/v2\/comments?post=79"}],"version-history":[{"count":1,"href":"https:\/\/www.ds-import.de\/index.php\/wp-json\/wp\/v2\/pages\/79\/revisions"}],"predecessor-version":[{"id":80,"href":"https:\/\/www.ds-import.de\/index.php\/wp-json\/wp\/v2\/pages\/79\/revisions\/80"}],"wp:attachment":[{"href":"https:\/\/www.ds-import.de\/index.php\/wp-json\/wp\/v2\/media?parent=79"}],"curies":[{"name":"wp","href":"https:\/\/api.w.org\/{rel}","templated":true}]}}