{"id":75,"date":"2018-03-30T14:49:48","date_gmt":"2018-03-30T12:49:48","guid":{"rendered":"http:\/\/www.ds-import.de\/?page_id=75"},"modified":"2024-11-16T01:20:18","modified_gmt":"2024-11-16T00:20:18","slug":"ueber-ds-import","status":"publish","type":"page","link":"https:\/\/www.ds-import.de\/index.php\/ueber-ds-import\/","title":{"rendered":"\u00dcber DS-Import"},"content":{"rendered":"<p class=\"Stil20\">Seit der Firmengr\u00fcndung 1985 besch\u00e4ftige ich mich mit dem Modell D.<\/p>\n<p class=\"Stil20\">Zusammen mit meinen Partnern in Frankreich habe ich in den Jahren viele Fahrzeuge nach Deutschland gebracht.<\/p>\n<p>Inzwischen sind die j\u00fcngsten Modelle 50 Jahre alt und so liegt seit ca. 25 Jahren unser Schwerpunkt in der Instandhaltung und Restauration.<\/p>\n<p>Da ich mich nur mit dem D-Modell besch\u00e4ftige, ist das Teilelager erheblich angewachsen und die Werkstatt bestens ausger\u00fcstet.<\/p>\n<p>Nach wie vor bilden die Autos aus Frankreich die beste Restaurationsgrundlage, denn dort werden sie nie abgemeldet. So stehen bis heute viele Fahrzeuge in Garagen und Scheunen.<\/p>\n<p>Au\u00dferdem gab es fr\u00fcher in Frankreich keine T\u00dcV-Pr\u00fcfungen, die wie bei uns oftmals die Besitzer zu notd\u00fcrftigen Karosseriereparaturen zwangen und die Originalit\u00e4t nachhaltig zerst\u00f6rten.<\/p>\n<p>Vor allem ist der gr\u00f6\u00dfte Teil der Produktion im Land geblieben.<\/p>\n","protected":false},"excerpt":{"rendered":"<p>Seit der Firmengr\u00fcndung 1985 besch\u00e4ftige ich mich mit dem Modell D. Zusammen mit meinen Partnern in Frankreich habe ich in den Jahren viele Fahrzeuge nach Deutschland gebracht. Inzwischen sind die j\u00fcngsten Modelle 50 Jahre alt und so liegt seit ca. 25 Jahren unser Schwerpunkt in der Instandhaltung und Restauration. Da ich mich nur mit dem &hellip; <\/p>\n<p class=\"link-more\"><a href=\"https:\/\/www.ds-import.de\/index.php\/ueber-ds-import\/\" class=\"more-link\"><span class=\"screen-reader-text\">\u201e\u00dcber DS-Import\u201c<\/span> weiterlesen<\/a><\/p>\n","protected":false},"author":3,"featured_media":206,"parent":0,"menu_order":0,"comment_status":"closed","ping_status":"closed","template":"","meta":{"footnotes":""},"class_list":["post-75","page","type-page","status-publish","has-post-thumbnail","hentry"],"_links":{"self":[{"href":"https:\/\/www.ds-import.de\/index.php\/wp-json\/wp\/v2\/pages\/75","targetHints":{"allow":["GET"]}}],"collection":[{"href":"https:\/\/www.ds-import.de\/index.php\/wp-json\/wp\/v2\/pages"}],"about":[{"href":"https:\/\/www.ds-import.de\/index.php\/wp-json\/wp\/v2\/types\/page"}],"author":[{"embeddable":true,"href":"https:\/\/www.ds-import.de\/index.php\/wp-json\/wp\/v2\/users\/3"}],"replies":[{"embeddable":true,"href":"https:\/\/www.ds-import.de\/index.php\/wp-json\/wp\/v2\/comments?post=75"}],"version-history":[{"count":5,"href":"https:\/\/www.ds-import.de\/index.php\/wp-json\/wp\/v2\/pages\/75\/revisions"}],"predecessor-version":[{"id":314,"href":"https:\/\/www.ds-import.de\/index.php\/wp-json\/wp\/v2\/pages\/75\/revisions\/314"}],"wp:featuredmedia":[{"embeddable":true,"href":"https:\/\/www.ds-import.de\/index.php\/wp-json\/wp\/v2\/media\/206"}],"wp:attachment":[{"href":"https:\/\/www.ds-import.de\/index.php\/wp-json\/wp\/v2\/media?parent=75"}],"curies":[{"name":"wp","href":"https:\/\/api.w.org\/{rel}","templated":true}]}}